{"id":8576,"date":"2021-11-15T20:36:58","date_gmt":"2021-11-15T12:36:58","guid":{"rendered":"https:\/\/www.kafafab.com\/plan-du-site\/"},"modified":"2023-08-10T22:46:14","modified_gmt":"2023-08-10T14:46:14","slug":"plan-du-site","status":"publish","type":"page","link":"https:\/\/www.kafafab.com\/fr\/plan-du-site\/","title":{"rendered":"Plan du site"},"content":{"rendered":"\t\t<div data-elementor-type=\"wp-page\" data-elementor-id=\"8576\" class=\"elementor elementor-8576 elementor-6154\" data-elementor-post-type=\"page\">\n\t\t\t\t\t\t<section class=\"elementor-section elementor-top-section elementor-element elementor-element-f98a8d0 elementor-section-boxed elementor-section-height-default elementor-section-height-default\" data-id=\"f98a8d0\" data-element_type=\"section\" data-e-type=\"section\">\n\t\t\t\t\t\t<div class=\"elementor-container elementor-column-gap-default\">\n\t\t\t\t\t<div class=\"elementor-column elementor-col-100 elementor-top-column elementor-element elementor-element-d257911\" data-id=\"d257911\" data-element_type=\"column\" data-e-type=\"column\">\n\t\t\t<div class=\"elementor-widget-wrap elementor-element-populated\">\n\t\t\t\t\t\t<div class=\"elementor-element elementor-element-57d27ef elementor-widget elementor-widget-sitemap\" data-id=\"57d27ef\" data-element_type=\"widget\" data-e-type=\"widget\" data-widget_type=\"sitemap.default\">\n\t\t\t\t<div class=\"elementor-widget-container\">\n\t\t\t\t\t<div class=\"elementor-sitemap-wrap\"><div class=\"elementor-sitemap-section\"><h2 class=\"elementor-sitemap-title elementor-sitemap-page-title\">Pages<\/h2><ul class=\"elementor-sitemap-list elementor-sitemap-page-list\"><li class=\"elementor-sitemap-item elementor-sitemap-item-page page_item page-item-8569 menu-item\"><a href=\"https:\/\/www.kafafab.com\/fr\/a-propos-de-nous\/\" class=\"elementor-sitemap-item elementor-sitemap-item-page menu-link\">\u00c0 propos de nous<\/a><\/li><li class=\"elementor-sitemap-item elementor-sitemap-item-page page_item page-item-8571 menu-item\"><a href=\"https:\/\/www.kafafab.com\/fr\/blog-sur-les-structures-en-acier\/\" class=\"elementor-sitemap-item elementor-sitemap-item-page menu-link\">Blog sur les structures en acier<\/a><\/li><li class=\"elementor-sitemap-item elementor-sitemap-item-page page_item page-item-8576 menu-item\"><a href=\"https:\/\/www.kafafab.com\/fr\/plan-du-site\/\" class=\"elementor-sitemap-item elementor-sitemap-item-page menu-link\">Plan du site<\/a><\/li><li class=\"elementor-sitemap-item elementor-sitemap-item-page page_item page-item-8578 menu-item\"><a href=\"https:\/\/www.kafafab.com\/fr\/merci-de-votre-attention\/\" class=\"elementor-sitemap-item elementor-sitemap-item-page menu-link\">Merci de votre attention<\/a><\/li><li class=\"elementor-sitemap-item elementor-sitemap-item-page page_item page-item-8638 menu-item\"><a href=\"https:\/\/www.kafafab.com\/fr\/nous-contacter\/\" class=\"elementor-sitemap-item elementor-sitemap-item-page menu-link\">Nous contacter<\/a><\/li><li class=\"elementor-sitemap-item elementor-sitemap-item-page page_item page-item-8659 menu-item\"><a href=\"https:\/\/www.kafafab.com\/fr\/batiments-metalliques\/\" class=\"elementor-sitemap-item elementor-sitemap-item-page menu-link\">B\u00e2timents m\u00e9talliques<\/a><ul class='children'><li class=\"elementor-sitemap-item elementor-sitemap-item-page page_item page-item-9384 menu-item\"><a href=\"https:\/\/www.kafafab.com\/fr\/batiments-metalliques\/batiments-agricoles-en-acier\/\" class=\"elementor-sitemap-item elementor-sitemap-item-page menu-link\">B\u00e2timents agricoles en acier<\/a><\/li><li class=\"elementor-sitemap-item elementor-sitemap-item-page page_item page-item-9394 menu-item\"><a href=\"https:\/\/www.kafafab.com\/fr\/batiments-metalliques\/hangar-a-structure-metallique\/\" class=\"elementor-sitemap-item elementor-sitemap-item-page menu-link\">Hangar \u00e0 structure m\u00e9tallique<\/a><\/li><li class=\"elementor-sitemap-item elementor-sitemap-item-page page_item page-item-8666 menu-item\"><a href=\"https:\/\/www.kafafab.com\/fr\/batiments-metalliques\/batiments-en-acier-eglises\/\" class=\"elementor-sitemap-item elementor-sitemap-item-page menu-link\">B\u00e2timents en acier \u00c9glises<\/a><\/li><li class=\"elementor-sitemap-item elementor-sitemap-item-page page_item page-item-8679 menu-item\"><a href=\"https:\/\/www.kafafab.com\/fr\/batiments-metalliques\/batiments-commerciaux\/\" class=\"elementor-sitemap-item elementor-sitemap-item-page menu-link\">B\u00e2timents commerciaux pr\u00e9fabriqu\u00e9s<\/a><\/li><li class=\"elementor-sitemap-item elementor-sitemap-item-page page_item page-item-8688 menu-item\"><a href=\"https:\/\/www.kafafab.com\/fr\/batiments-metalliques\/entrepot-a-structure-metallique\/\" class=\"elementor-sitemap-item elementor-sitemap-item-page menu-link\">Entrep\u00f4t \u00e0 structure m\u00e9tallique<\/a><\/li><li class=\"elementor-sitemap-item elementor-sitemap-item-page page_item page-item-8689 menu-item\"><a href=\"https:\/\/www.kafafab.com\/fr\/batiments-metalliques\/batiment-metallique-40x60-avec-habitation\/\" class=\"elementor-sitemap-item elementor-sitemap-item-page menu-link\">B\u00e2timent m\u00e9tallique 40&#215;60 avec habitation<\/a><\/li><li class=\"elementor-sitemap-item elementor-sitemap-item-page page_item page-item-8690 menu-item\"><a href=\"https:\/\/www.kafafab.com\/fr\/batiments-metalliques\/atelier-a-structure-metallique\/\" class=\"elementor-sitemap-item elementor-sitemap-item-page menu-link\">atelier structure m\u00e9tallique<\/a><\/li><\/ul><\/li><li class=\"elementor-sitemap-item elementor-sitemap-item-page page_item page-item-8661 menu-item\"><a href=\"https:\/\/www.kafafab.com\/fr\/\" class=\"elementor-sitemap-item elementor-sitemap-item-page menu-link\">Accueil<\/a><\/li><li class=\"elementor-sitemap-item elementor-sitemap-item-page page_item page-item-8665 menu-item\"><a href=\"https:\/\/www.kafafab.com\/fr\/politique-de-confidentialite\/\" class=\"elementor-sitemap-item elementor-sitemap-item-page menu-link\">Politique de confidentialit\u00e9<\/a><\/li><\/ul><\/div><div class=\"elementor-sitemap-section\"><h2 class=\"elementor-sitemap-title elementor-sitemap-post-title\">Articles<\/h2><ul class=\"elementor-sitemap-list elementor-sitemap-post-list\"><li class=\"elementor-sitemap-item elementor-sitemap-item-post page_item page-item-9747 menu-item\"><a href=\"https:\/\/www.kafafab.com\/fr\/les-batiments-en-acier-sont-ils-resistants-aux-tremblements-de-terre\/\" class=\"elementor-sitemap-item elementor-sitemap-item-post menu-link\">Les b\u00e2timents en acier sont-ils r\u00e9sistants aux tremblements de terre ?<\/a><\/li><li class=\"elementor-sitemap-item elementor-sitemap-item-post page_item page-item-9751 menu-item\"><a href=\"https:\/\/www.kafafab.com\/fr\/les-batiments-en-acier-sont-ils-a-lepreuve-des-ouragans%ef%bc%9f\/\" class=\"elementor-sitemap-item elementor-sitemap-item-post menu-link\">Les b\u00e2timents en acier sont-ils \u00e0 l&rsquo;\u00e9preuve des ouragans\uff1f ?<\/a><\/li><li class=\"elementor-sitemap-item elementor-sitemap-item-post page_item page-item-9768 menu-item\"><a href=\"https:\/\/www.kafafab.com\/fr\/isolation-batiments-metalliques-prefabriques\/\" class=\"elementor-sitemap-item elementor-sitemap-item-post menu-link\">Isolation B\u00e2timents m\u00e9talliques pr\u00e9fabriqu\u00e9s<\/a><\/li><li class=\"elementor-sitemap-item elementor-sitemap-item-post page_item page-item-9777 menu-item\"><a href=\"https:\/\/www.kafafab.com\/fr\/quelle-est-la-duree-de-vie-dun-entrepot-en-acier\/\" class=\"elementor-sitemap-item elementor-sitemap-item-post menu-link\">Quelle est la dur\u00e9e de vie d&rsquo;un entrep\u00f4t en acier ?<\/a><\/li><li class=\"elementor-sitemap-item elementor-sitemap-item-post page_item page-item-9790 menu-item\"><a href=\"https:\/\/www.kafafab.com\/fr\/cout-dun-batiment-metallique-40x60\/\" class=\"elementor-sitemap-item elementor-sitemap-item-post menu-link\">Co\u00fbt d&rsquo;un b\u00e2timent m\u00e9tallique 40&#215;60<\/a><\/li><li class=\"elementor-sitemap-item elementor-sitemap-item-post page_item page-item-9801 menu-item\"><a href=\"https:\/\/www.kafafab.com\/fr\/combien-coute-la-construction-dun-entrepot\/\" class=\"elementor-sitemap-item elementor-sitemap-item-post menu-link\">Combien co\u00fbte la construction d&rsquo;un entrep\u00f4t ?<\/a><\/li><li class=\"elementor-sitemap-item elementor-sitemap-item-post page_item page-item-9806 menu-item\"><a href=\"https:\/\/www.kafafab.com\/fr\/quelle-structure-metallique\/\" class=\"elementor-sitemap-item elementor-sitemap-item-post menu-link\">Quelle structure m\u00e9tallique ?<\/a><\/li><li class=\"elementor-sitemap-item elementor-sitemap-item-post page_item page-item-9810 menu-item\"><a href=\"https:\/\/www.kafafab.com\/fr\/batiments-metalliques-a-portee-libre-conception-et-devis\/\" class=\"elementor-sitemap-item elementor-sitemap-item-post menu-link\">B\u00e2timents m\u00e9talliques \u00e0 port\u00e9e libre (conception et devis)<\/a><\/li><li class=\"elementor-sitemap-item elementor-sitemap-item-post page_item page-item-9814 menu-item\"><a href=\"https:\/\/www.kafafab.com\/fr\/construction-a-ossature-metallique\/\" class=\"elementor-sitemap-item elementor-sitemap-item-post menu-link\">Construction \u00e0 ossature m\u00e9tallique<\/a><\/li><li class=\"elementor-sitemap-item elementor-sitemap-item-post page_item page-item-9818 menu-item\"><a href=\"https:\/\/www.kafafab.com\/fr\/grange-a-poteaux-ou-batiment-metallique\/\" class=\"elementor-sitemap-item elementor-sitemap-item-post menu-link\">Grange \u00e0 poteaux ou b\u00e2timent m\u00e9tallique<\/a><\/li><li class=\"elementor-sitemap-item elementor-sitemap-item-post page_item page-item-9820 menu-item\"><a href=\"https:\/\/www.kafafab.com\/fr\/batiment-en-acier-60-x-120-salecost\/\" class=\"elementor-sitemap-item elementor-sitemap-item-post menu-link\">B\u00e2timent en acier 60 x 120 (Sale&amp;Cost)<\/a><\/li><li class=\"elementor-sitemap-item elementor-sitemap-item-post page_item page-item-9824 menu-item\"><a href=\"https:\/\/www.kafafab.com\/fr\/coat-des-ba%c2%a2timents-en-acier\/\" class=\"elementor-sitemap-item elementor-sitemap-item-post menu-link\">Co\u00c3\u00bbt des b\u00c3\u00a2timents en acier<\/a><\/li><li class=\"elementor-sitemap-item elementor-sitemap-item-post page_item page-item-9826 menu-item\"><a href=\"https:\/\/www.kafafab.com\/fr\/batiment-metallique-50x50-conception-et-cout-optimaux\/\" class=\"elementor-sitemap-item elementor-sitemap-item-post menu-link\">B\u00e2timent m\u00e9tallique 50&#215;50 (conception et co\u00fbt optimaux)<\/a><\/li><li class=\"elementor-sitemap-item elementor-sitemap-item-post page_item page-item-9830 menu-item\"><a href=\"https:\/\/www.kafafab.com\/fr\/cout-dun-batiment-metallique-60x100x20\/\" class=\"elementor-sitemap-item elementor-sitemap-item-post menu-link\">Co\u00fbt d&rsquo;un b\u00e2timent m\u00e9tallique 60x100x20<\/a><\/li><li class=\"elementor-sitemap-item elementor-sitemap-item-post page_item page-item-9832 menu-item\"><a href=\"https:\/\/www.kafafab.com\/fr\/cout-dun-batiment-metallique-30x50\/\" class=\"elementor-sitemap-item elementor-sitemap-item-post menu-link\">Co\u00fbt d&rsquo;un b\u00e2timent m\u00e9tallique 30&#215;50<\/a><\/li><li class=\"elementor-sitemap-item elementor-sitemap-item-post page_item page-item-9834 menu-item\"><a href=\"https:\/\/www.kafafab.com\/fr\/comment-raduire-les-coats-des-ba%c2%a2timents-en-acier\/\" class=\"elementor-sitemap-item elementor-sitemap-item-post menu-link\">Comment r\u00c3\u00a9duire les co\u00c3\u00bbts des b\u00c3\u00a2timents en acier<\/a><\/li><li class=\"elementor-sitemap-item elementor-sitemap-item-post page_item page-item-9836 menu-item\"><a href=\"https:\/\/www.kafafab.com\/fr\/beton-vs-acier\/\" class=\"elementor-sitemap-item elementor-sitemap-item-post menu-link\">B\u00e9ton VS acier<\/a><\/li><li class=\"elementor-sitemap-item elementor-sitemap-item-post page_item page-item-9840 menu-item\"><a href=\"https:\/\/www.kafafab.com\/fr\/fabrication-de-structures-en-acier\/\" class=\"elementor-sitemap-item elementor-sitemap-item-post menu-link\">Fabrication de structures en acier<\/a><\/li><li class=\"elementor-sitemap-item elementor-sitemap-item-post page_item page-item-9842 menu-item\"><a href=\"https:\/\/www.kafafab.com\/fr\/structure-metallique-prefabriquee\/\" class=\"elementor-sitemap-item elementor-sitemap-item-post menu-link\">Structure m\u00e9tallique pr\u00e9fabriqu\u00e9e<\/a><\/li><li class=\"elementor-sitemap-item elementor-sitemap-item-post page_item page-item-9844 menu-item\"><a href=\"https:\/\/www.kafafab.com\/fr\/introduction-detaillee-de-la-structure-a-ossature-metallique\/\" class=\"elementor-sitemap-item elementor-sitemap-item-post menu-link\">Introduction d\u00e9taill\u00e9e de la structure \u00e0 ossature m\u00e9tallique<\/a><\/li><li class=\"elementor-sitemap-item elementor-sitemap-item-post page_item page-item-9846 menu-item\"><a href=\"https:\/\/www.kafafab.com\/fr\/dimensions-des-batiments-en-acier\/\" class=\"elementor-sitemap-item elementor-sitemap-item-post menu-link\">Dimensions des b\u00c3\u00a2timents en acier<\/a><\/li><li class=\"elementor-sitemap-item elementor-sitemap-item-post page_item page-item-9850 menu-item\"><a href=\"https:\/\/www.kafafab.com\/fr\/conception-de-la-structure-matallique-des-ba%c2%a2timents\/\" class=\"elementor-sitemap-item elementor-sitemap-item-post menu-link\">Conception de la structure m\u00c3\u00a9tallique des b\u00c3\u00a2timents<\/a><\/li><li class=\"elementor-sitemap-item elementor-sitemap-item-post page_item page-item-9880 menu-item\"><a href=\"https:\/\/www.kafafab.com\/fr\/puis-je-construire-moi-meme-un-batiment-metallique\/\" class=\"elementor-sitemap-item elementor-sitemap-item-post menu-link\">Puis-je construire moi-m\u00eame un b\u00e2timent m\u00e9tallique ?<\/a><\/li><li class=\"elementor-sitemap-item elementor-sitemap-item-post page_item page-item-9912 menu-item\"><a href=\"https:\/\/www.kafafab.com\/fr\/revaatement-des-structures-en-acier\/\" class=\"elementor-sitemap-item elementor-sitemap-item-post menu-link\">Rev\u00c3\u00aatement des structures en acier<\/a><\/li><\/ul><\/div><\/div>\t\t\t\t<\/div>\n\t\t\t\t<\/div>\n\t\t\t\t\t<\/div>\n\t\t<\/div>\n\t\t\t\t\t<\/div>\n\t\t<\/section>\n\t\t\t\t<\/div>\n\t\t","protected":false},"excerpt":{"rendered":"","protected":false},"author":1,"featured_media":0,"parent":0,"menu_order":0,"comment_status":"closed","ping_status":"closed","template":"","meta":{"site-sidebar-layout":"no-sidebar","site-content-layout":"page-builder","ast-site-content-layout":"default","site-content-style":"default","site-sidebar-style":"default","ast-global-header-display":"","ast-banner-title-visibility":"","ast-main-header-display":"","ast-hfb-above-header-display":"","ast-hfb-below-header-display":"","ast-hfb-mobile-header-display":"","site-post-title":"disabled","ast-breadcrumbs-content":"","ast-featured-img":"disabled","footer-sml-layout":"","theme-transparent-header-meta":"default","adv-header-id-meta":"","stick-header-meta":"","header-above-stick-meta":"","header-main-stick-meta":"","header-below-stick-meta":"","astra-migrate-meta-layouts":"default","ast-page-background-enabled":"default","ast-page-background-meta":{"desktop":{"background-color":"","background-image":"","background-repeat":"repeat","background-position":"center center","background-size":"auto","background-attachment":"scroll","background-type":"","background-media":"","overlay-type":"","overlay-color":"","overlay-opacity":"","overlay-gradient":""},"tablet":{"background-color":"","background-image":"","background-repeat":"repeat","background-position":"center center","background-size":"auto","background-attachment":"scroll","background-type":"","background-media":"","overlay-type":"","overlay-color":"","overlay-opacity":"","overlay-gradient":""},"mobile":{"background-color":"","background-image":"","background-repeat":"repeat","background-position":"center center","background-size":"auto","background-attachment":"scroll","background-type":"","background-media":"","overlay-type":"","overlay-color":"","overlay-opacity":"","overlay-gradient":""}},"ast-content-background-meta":{"desktop":{"background-color":"var(--ast-global-color-5)","background-image":"","background-repeat":"repeat","background-position":"center center","background-size":"auto","background-attachment":"scroll","background-type":"","background-media":"","overlay-type":"","overlay-color":"","overlay-opacity":"","overlay-gradient":""},"tablet":{"background-color":"var(--ast-global-color-5)","background-image":"","background-repeat":"repeat","background-position":"center center","background-size":"auto","background-attachment":"scroll","background-type":"","background-media":"","overlay-type":"","overlay-color":"","overlay-opacity":"","overlay-gradient":""},"mobile":{"background-color":"var(--ast-global-color-5)","background-image":"","background-repeat":"repeat","background-position":"center center","background-size":"auto","background-attachment":"scroll","background-type":"","background-media":"","overlay-type":"","overlay-color":"","overlay-opacity":"","overlay-gradient":""}},"footnotes":""},"class_list":["post-8576","page","type-page","status-publish","hentry"],"yoast_head":"<!-- This site is optimized with the Yoast SEO plugin v25.6 - https:\/\/yoast.com\/wordpress\/plugins\/seo\/ -->\n<title>Plan du site %%page%- %%sitename%%- Votre sp\u00e9cialiste des solutions de construction m\u00e9tallique<\/title>\n<meta name=\"description\" content=\"Plan du site - KaFa Fabrication - Votre sp\u00e9cialiste des solutions de construction m\u00e9tallique\" \/>\n<meta name=\"robots\" content=\"index, follow, max-snippet:-1, max-image-preview:large, max-video-preview:-1\" \/>\n<link rel=\"canonical\" href=\"https:\/\/www.kafafab.com\/fr\/plan-du-site\/\" \/>\n<meta property=\"og:locale\" content=\"fr_FR\" \/>\n<meta property=\"og:type\" content=\"article\" \/>\n<meta property=\"og:title\" content=\"Plan du site %%page%- %%sitename%%- Votre sp\u00e9cialiste des solutions de construction m\u00e9tallique\" \/>\n<meta property=\"og:description\" content=\"Plan du site - KaFa Fabrication - Votre sp\u00e9cialiste des solutions de construction m\u00e9tallique\" \/>\n<meta property=\"og:url\" content=\"https:\/\/www.kafafab.com\/fr\/plan-du-site\/\" \/>\n<meta property=\"og:site_name\" content=\"KaFa Fabrication\" \/>\n<meta property=\"article:publisher\" content=\"https:\/\/www.facebook.com\/Qingdao-KaFa-Fabrication-Co-Ltd-101335655818210\" \/>\n<meta property=\"article:modified_time\" content=\"2023-08-10T14:46:14+00:00\" \/>\n<meta name=\"twitter:card\" content=\"summary_large_image\" \/>\n<script type=\"application\/ld+json\" class=\"yoast-schema-graph\">{\"@context\":\"https:\/\/schema.org\",\"@graph\":[{\"@type\":\"WebPage\",\"@id\":\"https:\/\/www.kafafab.com\/fr\/plan-du-site\/\",\"url\":\"https:\/\/www.kafafab.com\/fr\/plan-du-site\/\",\"name\":\"Plan du site %%page%- %%sitename%%- Votre sp\u00e9cialiste des solutions de construction m\u00e9tallique\",\"isPartOf\":{\"@id\":\"https:\/\/www.kafafab.com\/fr\/#website\"},\"datePublished\":\"2021-11-15T12:36:58+00:00\",\"dateModified\":\"2023-08-10T14:46:14+00:00\",\"description\":\"Plan du site - KaFa Fabrication - Votre sp\u00e9cialiste des solutions de construction m\u00e9tallique\",\"breadcrumb\":{\"@id\":\"https:\/\/www.kafafab.com\/fr\/plan-du-site\/#breadcrumb\"},\"inLanguage\":\"fr-FR\",\"potentialAction\":[{\"@type\":\"ReadAction\",\"target\":[\"https:\/\/www.kafafab.com\/fr\/plan-du-site\/\"]}]},{\"@type\":\"BreadcrumbList\",\"@id\":\"https:\/\/www.kafafab.com\/fr\/plan-du-site\/#breadcrumb\",\"itemListElement\":[{\"@type\":\"ListItem\",\"position\":1,\"name\":\"Home\",\"item\":\"https:\/\/www.kafafab.com\/fr\/\"},{\"@type\":\"ListItem\",\"position\":2,\"name\":\"Plan du site\"}]},{\"@type\":\"WebSite\",\"@id\":\"https:\/\/www.kafafab.com\/fr\/#website\",\"url\":\"https:\/\/www.kafafab.com\/fr\/\",\"name\":\"KaFa Fabrication\",\"description\":\"Steel Structure Workshop|Steel Structure Warehouse|Prefabricated Commercial Buildings\",\"publisher\":{\"@id\":\"https:\/\/www.kafafab.com\/fr\/#organization\"},\"potentialAction\":[{\"@type\":\"SearchAction\",\"target\":{\"@type\":\"EntryPoint\",\"urlTemplate\":\"https:\/\/www.kafafab.com\/fr\/?s={search_term_string}\"},\"query-input\":{\"@type\":\"PropertyValueSpecification\",\"valueRequired\":true,\"valueName\":\"search_term_string\"}}],\"inLanguage\":\"fr-FR\"},{\"@type\":\"Organization\",\"@id\":\"https:\/\/www.kafafab.com\/fr\/#organization\",\"name\":\"Qingdao KaFa Fabrication Co., Ltd.\",\"url\":\"https:\/\/www.kafafab.com\/fr\/\",\"logo\":{\"@type\":\"ImageObject\",\"inLanguage\":\"fr-FR\",\"@id\":\"https:\/\/www.kafafab.com\/fr\/#\/schema\/logo\/image\/\",\"url\":\"https:\/\/kafafab.com\/wp-content\/uploads\/2021\/01\/logo.png\",\"contentUrl\":\"https:\/\/kafafab.com\/wp-content\/uploads\/2021\/01\/logo.png\",\"width\":519,\"height\":497,\"caption\":\"Qingdao KaFa Fabrication Co., Ltd.\"},\"image\":{\"@id\":\"https:\/\/www.kafafab.com\/fr\/#\/schema\/logo\/image\/\"},\"sameAs\":[\"https:\/\/www.facebook.com\/Qingdao-KaFa-Fabrication-Co-Ltd-101335655818210\",\"https:\/\/www.instagram.com\/kafafabrication\/\",\"https:\/\/www.pinterest.com\/li870732380\/_created\/\",\"https:\/\/www.youtube.com\/channel\/UCjkWScUS8aqIfDGL0AWAyEQ\"]}]}<\/script>\n<!-- \/ Yoast SEO plugin. -->","yoast_head_json":{"title":"Plan du site %%page%- %%sitename%%- Votre sp\u00e9cialiste des solutions de construction m\u00e9tallique","description":"Plan du site - KaFa Fabrication - Votre sp\u00e9cialiste des solutions de construction m\u00e9tallique","robots":{"index":"index","follow":"follow","max-snippet":"max-snippet:-1","max-image-preview":"max-image-preview:large","max-video-preview":"max-video-preview:-1"},"canonical":"https:\/\/www.kafafab.com\/fr\/plan-du-site\/","og_locale":"fr_FR","og_type":"article","og_title":"Plan du site %%page%- %%sitename%%- Votre sp\u00e9cialiste des solutions de construction m\u00e9tallique","og_description":"Plan du site - KaFa Fabrication - Votre sp\u00e9cialiste des solutions de construction m\u00e9tallique","og_url":"https:\/\/www.kafafab.com\/fr\/plan-du-site\/","og_site_name":"KaFa Fabrication","article_publisher":"https:\/\/www.facebook.com\/Qingdao-KaFa-Fabrication-Co-Ltd-101335655818210","article_modified_time":"2023-08-10T14:46:14+00:00","twitter_card":"summary_large_image","schema":{"@context":"https:\/\/schema.org","@graph":[{"@type":"WebPage","@id":"https:\/\/www.kafafab.com\/fr\/plan-du-site\/","url":"https:\/\/www.kafafab.com\/fr\/plan-du-site\/","name":"Plan du site %%page%- %%sitename%%- Votre sp\u00e9cialiste des solutions de construction m\u00e9tallique","isPartOf":{"@id":"https:\/\/www.kafafab.com\/fr\/#website"},"datePublished":"2021-11-15T12:36:58+00:00","dateModified":"2023-08-10T14:46:14+00:00","description":"Plan du site - KaFa Fabrication - Votre sp\u00e9cialiste des solutions de construction m\u00e9tallique","breadcrumb":{"@id":"https:\/\/www.kafafab.com\/fr\/plan-du-site\/#breadcrumb"},"inLanguage":"fr-FR","potentialAction":[{"@type":"ReadAction","target":["https:\/\/www.kafafab.com\/fr\/plan-du-site\/"]}]},{"@type":"BreadcrumbList","@id":"https:\/\/www.kafafab.com\/fr\/plan-du-site\/#breadcrumb","itemListElement":[{"@type":"ListItem","position":1,"name":"Home","item":"https:\/\/www.kafafab.com\/fr\/"},{"@type":"ListItem","position":2,"name":"Plan du site"}]},{"@type":"WebSite","@id":"https:\/\/www.kafafab.com\/fr\/#website","url":"https:\/\/www.kafafab.com\/fr\/","name":"KaFa Fabrication","description":"Steel Structure Workshop|Steel Structure Warehouse|Prefabricated Commercial Buildings","publisher":{"@id":"https:\/\/www.kafafab.com\/fr\/#organization"},"potentialAction":[{"@type":"SearchAction","target":{"@type":"EntryPoint","urlTemplate":"https:\/\/www.kafafab.com\/fr\/?s={search_term_string}"},"query-input":{"@type":"PropertyValueSpecification","valueRequired":true,"valueName":"search_term_string"}}],"inLanguage":"fr-FR"},{"@type":"Organization","@id":"https:\/\/www.kafafab.com\/fr\/#organization","name":"Qingdao KaFa Fabrication Co., Ltd.","url":"https:\/\/www.kafafab.com\/fr\/","logo":{"@type":"ImageObject","inLanguage":"fr-FR","@id":"https:\/\/www.kafafab.com\/fr\/#\/schema\/logo\/image\/","url":"https:\/\/kafafab.com\/wp-content\/uploads\/2021\/01\/logo.png","contentUrl":"https:\/\/kafafab.com\/wp-content\/uploads\/2021\/01\/logo.png","width":519,"height":497,"caption":"Qingdao KaFa Fabrication Co., Ltd."},"image":{"@id":"https:\/\/www.kafafab.com\/fr\/#\/schema\/logo\/image\/"},"sameAs":["https:\/\/www.facebook.com\/Qingdao-KaFa-Fabrication-Co-Ltd-101335655818210","https:\/\/www.instagram.com\/kafafabrication\/","https:\/\/www.pinterest.com\/li870732380\/_created\/","https:\/\/www.youtube.com\/channel\/UCjkWScUS8aqIfDGL0AWAyEQ"]}]}},"_links":{"self":[{"href":"https:\/\/www.kafafab.com\/fr\/wp-json\/wp\/v2\/pages\/8576","targetHints":{"allow":["GET"]}}],"collection":[{"href":"https:\/\/www.kafafab.com\/fr\/wp-json\/wp\/v2\/pages"}],"about":[{"href":"https:\/\/www.kafafab.com\/fr\/wp-json\/wp\/v2\/types\/page"}],"author":[{"embeddable":true,"href":"https:\/\/www.kafafab.com\/fr\/wp-json\/wp\/v2\/users\/1"}],"replies":[{"embeddable":true,"href":"https:\/\/www.kafafab.com\/fr\/wp-json\/wp\/v2\/comments?post=8576"}],"version-history":[{"count":0,"href":"https:\/\/www.kafafab.com\/fr\/wp-json\/wp\/v2\/pages\/8576\/revisions"}],"wp:attachment":[{"href":"https:\/\/www.kafafab.com\/fr\/wp-json\/wp\/v2\/media?parent=8576"}],"curies":[{"name":"wp","href":"https:\/\/api.w.org\/{rel}","templated":true}]}}